{"id":171,"date":"2025-05-19T12:07:38","date_gmt":"2025-05-19T12:07:38","guid":{"rendered":"https:\/\/vendettabol.com\/?page_id=171"},"modified":"2025-08-26T09:42:59","modified_gmt":"2025-08-26T09:42:59","slug":"about-us","status":"publish","type":"page","link":"https:\/\/vendettabol.com\/hr\/about-us\/","title":{"rendered":"O nama"},"content":{"rendered":"<div data-elementor-type=\"wp-page\" data-elementor-id=\"171\" class=\"elementor elementor-171\" data-elementor-post-type=\"page\">\n\t\t\t\t<div class=\"elementor-element elementor-element-4fd8f5d e-flex e-con-boxed e-con e-parent\" data-id=\"4fd8f5d\" data-element_type=\"container\" data-e-type=\"container\" data-settings=\"{&quot;jet_parallax_layout_list&quot;:[]}\">\n\t\t\t\t\t<div class=\"e-con-inner\">\n\t\t<div class=\"elementor-element elementor-element-122cd08 e-con-full e-flex e-con e-child\" data-id=\"122cd08\" data-element_type=\"container\" data-e-type=\"container\" data-settings=\"{&quot;jet_parallax_layout_list&quot;:[]}\">\n\t\t<div class=\"elementor-element elementor-element-679e2b6 e-con-full e-flex e-con e-child\" data-id=\"679e2b6\" data-element_type=\"container\" data-e-type=\"container\" data-settings=\"{&quot;jet_parallax_layout_list&quot;:[]}\">\n\t\t\t\t<div class=\"elementor-element elementor-element-cf26529 elementor-widget elementor-widget-heading\" data-id=\"cf26529\" data-element_type=\"widget\" data-e-type=\"widget\" data-widget_type=\"heading.default\">\n\t\t\t\t<div class=\"elementor-widget-container\">\n\t\t\t\t\t<h2 class=\"elementor-heading-title elementor-size-default\">Vendetta\n<\/h2>\t\t\t\t<\/div>\n\t\t\t\t<\/div>\n\t\t\t\t<div class=\"elementor-element elementor-element-cbe4692 elementor-widget elementor-widget-heading\" data-id=\"cbe4692\" data-element_type=\"widget\" data-e-type=\"widget\" data-widget_type=\"heading.default\">\n\t\t\t\t<div class=\"elementor-widget-container\">\n\t\t\t\t\t<h2 class=\"elementor-heading-title elementor-size-default\">by Vagabundo<\/h2>\t\t\t\t<\/div>\n\t\t\t\t<\/div>\n\t\t\t\t<\/div>\n\t\t<div class=\"elementor-element elementor-element-bd46010 e-con-full e-flex e-con e-child\" data-id=\"bd46010\" data-element_type=\"container\" data-e-type=\"container\" data-settings=\"{&quot;jet_parallax_layout_list&quot;:[]}\">\n\t\t\t\t<div class=\"elementor-element elementor-element-505317b elementor-widget elementor-widget-heading\" data-id=\"505317b\" data-element_type=\"widget\" data-e-type=\"widget\" data-widget_type=\"heading.default\">\n\t\t\t\t<div class=\"elementor-widget-container\">\n\t\t\t\t\t<h2 class=\"elementor-heading-title elementor-size-default\">Vi\u0161e od restorana. Mjesto gdje se Istok susre\u0107e sa Zapadom, tradicija susre\u0107e s invencijom i gdje svaki gost postaje dio pri\u010de koju stvaramo, tanjur po tanjur.<\/h2>\t\t\t\t<\/div>\n\t\t\t\t<\/div>\n\t\t\t\t<\/div>\n\t\t\t\t<\/div>\n\t\t\t\t\t<\/div>\n\t\t\t\t<\/div>\n\t\t<div class=\"elementor-element elementor-element-b2f5a96 e-con-full e-flex e-con e-parent\" data-id=\"b2f5a96\" data-element_type=\"container\" data-e-type=\"container\" data-settings=\"{&quot;jet_parallax_layout_list&quot;:[]}\">\n\t\t\t\t<div class=\"elementor-element elementor-element-e85393e elementor-widget elementor-widget-image-carousel\" data-id=\"e85393e\" data-element_type=\"widget\" data-e-type=\"widget\" data-settings=\"{&quot;slides_to_show&quot;:&quot;3&quot;,&quot;slides_to_scroll&quot;:&quot;1&quot;,&quot;navigation&quot;:&quot;none&quot;,&quot;autoplay_speed&quot;:2500,&quot;autoplay&quot;:&quot;yes&quot;,&quot;pause_on_hover&quot;:&quot;yes&quot;,&quot;pause_on_interaction&quot;:&quot;yes&quot;,&quot;infinite&quot;:&quot;yes&quot;,&quot;speed&quot;:500}\" data-widget_type=\"image-carousel.default\">\n\t\t\t\t<div class=\"elementor-widget-container\">\n\t\t\t\t\t\t\t<div class=\"elementor-image-carousel-wrapper swiper\" role=\"region\" aria-roledescription=\"carousel\" aria-label=\"Image Carousel\" dir=\"ltr\">\n\t\t\t<div class=\"elementor-image-carousel swiper-wrapper\" aria-live=\"off\">\n\t\t\t\t\t\t\t\t<div class=\"swiper-slide\" role=\"group\" aria-roledescription=\"slide\" aria-label=\"1 of 5\"><figure class=\"swiper-slide-inner\"><img decoding=\"async\" class=\"swiper-slide-image\" src=\"https:\/\/vendettabol.com\/wp-content\/uploads\/2025\/05\/TLU04786-scaled.jpg\" alt=\"TLU04786\" \/><\/figure><\/div><div class=\"swiper-slide\" role=\"group\" aria-roledescription=\"slide\" aria-label=\"2 of 5\"><figure class=\"swiper-slide-inner\"><img decoding=\"async\" class=\"swiper-slide-image\" src=\"https:\/\/vendettabol.com\/wp-content\/uploads\/2025\/05\/TLU04597-scaled.jpg\" alt=\"TLU04597\" \/><\/figure><\/div><div class=\"swiper-slide\" role=\"group\" aria-roledescription=\"slide\" aria-label=\"3 of 5\"><figure class=\"swiper-slide-inner\"><img decoding=\"async\" class=\"swiper-slide-image\" src=\"https:\/\/vendettabol.com\/wp-content\/uploads\/2025\/05\/TLU04606-scaled.jpg\" alt=\"TLU04606\" \/><\/figure><\/div><div class=\"swiper-slide\" role=\"group\" aria-roledescription=\"slide\" aria-label=\"4 of 5\"><figure class=\"swiper-slide-inner\"><img decoding=\"async\" class=\"swiper-slide-image\" src=\"https:\/\/vendettabol.com\/wp-content\/uploads\/2025\/05\/TLU04686-scaled.jpg\" alt=\"TLU04686\" \/><\/figure><\/div><div class=\"swiper-slide\" role=\"group\" aria-roledescription=\"slide\" aria-label=\"5 of 5\"><figure class=\"swiper-slide-inner\"><img decoding=\"async\" class=\"swiper-slide-image\" src=\"https:\/\/vendettabol.com\/wp-content\/uploads\/2025\/05\/TLU04718-scaled.jpg\" alt=\"TLU04718\" \/><\/figure><\/div>\t\t\t<\/div>\n\t\t\t\t\t\t\t\n\t\t\t\t\t\t\t\t\t<\/div>\n\t\t\t\t\t\t<\/div>\n\t\t\t\t<\/div>\n\t\t\t\t<\/div>\n\t\t<div class=\"elementor-element elementor-element-fdde7c2 e-flex e-con-boxed e-con e-parent\" data-id=\"fdde7c2\" data-element_type=\"container\" data-e-type=\"container\" data-settings=\"{&quot;jet_parallax_layout_list&quot;:[]}\">\n\t\t\t\t\t<div class=\"e-con-inner\">\n\t\t\t\t<div class=\"elementor-element elementor-element-d0aa625 elementor-widget__width-initial elementor-widget elementor-widget-text-editor\" data-id=\"d0aa625\" data-element_type=\"widget\" data-e-type=\"widget\" data-widget_type=\"text-editor.default\">\n\t\t\t\t<div class=\"elementor-widget-container\">\n\t\t\t\t\t\t\t\t\t<p data-start=\"203\" data-end=\"380\">Welcome to <strong data-start=\"229\" data-end=\"254\">Vendetta by Vagabundo<\/strong> \u2013 kulinarska destinacija gdje se odva\u017eni okusi susre\u0107u s mirom Jadrana, smje\u0161tena u srcu Bola na otoku Bra\u010du.<\/p><p data-start=\"382\" data-end=\"735\">U Vendetti vjerujemo da hrana treba biti iskustvo \u2013 putovanje koje uzbu\u0111uje osjetila i spaja ljude. Na\u0161a kuhinja spaja eleganciju japanskog zanatstva sushija s bogatom, zadovoljavaju\u0107om dubinom vrhunskih odrezaka i smjelih fuzijskih kreacija. Svaki tanjur koji napusti na\u0161u kuhinju odra\u017eava na\u0161u strast prema detaljima, inovacijama i kvaliteti.<\/p><p data-start=\"737\" data-end=\"1069\">Bilo da u\u017eivate u finom sashimiju od tune, u\u017eivate u savr\u0161eno pe\u010denom odresku ili istra\u017eujete na\u0161e prepoznatljive fuzijske rolice, primijetit \u0107ete jedno - sve je izra\u0111eno s pa\u017enjom, koriste\u0107i samo najsvje\u017eije, lokalno nabavljene i me\u0111unarodno inspirirane sastojke. Predani smo kreativnosti koliko i autenti\u010dnosti.<\/p><p data-start=\"1071\" data-end=\"1405\">Na\u0161a lokacija, na samoj obali, nudi prekrasnu kulisu \u2013 nje\u017eni zvuk valova, miris morskog zraka i poglede koji se beskrajno prote\u017eu preko horizonta. Sam prostor odraz je na\u0161e filozofije: moderan, suvremen i opu\u0161ten \u2013 savr\u0161en za dugu ljetnu ve\u010deru, le\u017eeran ru\u010dak ili posebnu proslavu.<\/p><p data-start=\"1407\" data-end=\"1603\">Vendetta je vi\u0161e od restorana. Mjesto gdje se Istok susre\u0107e sa Zapadom, tradicija susre\u0107e s invencijom i gdje svaki gost postaje dio pri\u010de koju stvaramo, tanjur po tanjur.<\/p><p data-start=\"1605\" data-end=\"1690\">Pridru\u017eite nam se \u2013 i otkrijte za\u0161to se toliko ljudi vra\u0107a ne samo zbog hrane, ve\u0107 i zbog osje\u0107aja.<\/p>\t\t\t\t\t\t\t\t<\/div>\n\t\t\t\t<\/div>\n\t\t\t\t\t<\/div>\n\t\t\t\t<\/div>\n\t\t\t\t<\/div>","protected":false},"excerpt":{"rendered":"<p>Vendetta by Vagabundo It&#8217;s more than a restaurant. It\u2019s a place where East meets West, tradition meets invention, and where every guest becomes part of the story we\u2019re creating, one plate at a time. Welcome to Vendetta by Vagabundo \u2013 a culinary destination where bold flavors meet the calm of the Adriatic, nestled in the [&hellip;]<\/p>","protected":false},"author":1,"featured_media":0,"parent":0,"menu_order":0,"comment_status":"closed","ping_status":"closed","template":"","meta":{"footnotes":""},"class_list":["post-171","page","type-page","status-publish","hentry"],"_links":{"self":[{"href":"https:\/\/vendettabol.com\/hr\/wp-json\/wp\/v2\/pages\/171","targetHints":{"allow":["GET"]}}],"collection":[{"href":"https:\/\/vendettabol.com\/hr\/wp-json\/wp\/v2\/pages"}],"about":[{"href":"https:\/\/vendettabol.com\/hr\/wp-json\/wp\/v2\/types\/page"}],"author":[{"embeddable":true,"href":"https:\/\/vendettabol.com\/hr\/wp-json\/wp\/v2\/users\/1"}],"replies":[{"embeddable":true,"href":"https:\/\/vendettabol.com\/hr\/wp-json\/wp\/v2\/comments?post=171"}],"version-history":[{"count":13,"href":"https:\/\/vendettabol.com\/hr\/wp-json\/wp\/v2\/pages\/171\/revisions"}],"predecessor-version":[{"id":574,"href":"https:\/\/vendettabol.com\/hr\/wp-json\/wp\/v2\/pages\/171\/revisions\/574"}],"wp:attachment":[{"href":"https:\/\/vendettabol.com\/hr\/wp-json\/wp\/v2\/media?parent=171"}],"curies":[{"name":"wp","href":"https:\/\/api.w.org\/{rel}","templated":true}]}}